{"id":669,"date":"2021-02-22T16:17:26","date_gmt":"2021-02-22T15:17:26","guid":{"rendered":"http:\/\/www.bassamareaboatcharter.com\/boat-transfers\/"},"modified":"2021-07-07T17:09:07","modified_gmt":"2021-07-07T15:09:07","slug":"transfer-barca-privata","status":"publish","type":"page","link":"https:\/\/www.bassamareaboatcharter.com\/it\/transfer-barca-privata\/","title":{"rendered":"Transfer barca privata"},"content":{"rendered":"<p>[et_pb_section fb_built=&#8221;1&#8243; _builder_version=&#8221;4.9.0&#8243; _module_preset=&#8221;default&#8221; background_image=&#8221;http:\/\/www.bassamareaboatcharter.com\/wp-content\/uploads\/2021\/02\/private-water-taxi-routes-map.png&#8221; parallax=&#8221;on&#8221; min_height=&#8221;520px&#8221; min_height_tablet=&#8221;470px&#8221; min_height_phone=&#8221;450px&#8221; min_height_last_edited=&#8221;on|phone&#8221; height=&#8221;520px&#8221; max_height=&#8221;520px&#8221; custom_padding=&#8221;||0%||false|false&#8221; background_last_edited=&#8221;on|phone&#8221; background_image_tablet=&#8221;http:\/\/www.bassamareaboatcharter.com\/wp-content\/uploads\/furore-bridge-1024&#215;682.jpeg&#8221; background_image_phone=&#8221;http:\/\/www.bassamareaboatcharter.com\/wp-content\/uploads\/furore-bridge-1024&#215;682.jpeg&#8221; background_enable_image_tablet=&#8221;on&#8221; background_enable_image_phone=&#8221;on&#8221; background_size_phone=&#8221;cover&#8221; alt_tablet=&#8221;marina cantone private boat tours&#8221; alt_phone=&#8221;marina cantone private boat tours&#8221;][et_pb_row _builder_version=&#8221;4.7.7&#8243; _module_preset=&#8221;default&#8221; custom_margin=&#8221;16%||||false|false&#8221; custom_margin_tablet=&#8221;36%||||false|false&#8221; custom_margin_phone=&#8221;50%||||false|false&#8221; custom_margin_last_edited=&#8221;on|phone&#8221;][et_pb_column type=&#8221;4_4&#8243; _builder_version=&#8221;4.7.7&#8243; _module_preset=&#8221;default&#8221;][et_pb_text _builder_version=&#8221;4.9.0&#8243; _module_preset=&#8221;default&#8221; text_text_color=&#8221;#ffffff&#8221; header_text_color=&#8221;#ffffff&#8221; header_line_height=&#8221;1.2em&#8221; header_2_text_color=&#8221;#ffffff&#8221; background_color=&#8221;rgba(25,57,78,0.7)&#8221; custom_padding=&#8221;3%||3%||true|false&#8221;]<\/p>\n<h1 style=\"text-align: center;\">Trasferimenti in barca privata<br \/><span style=\"font-size: 26px;\" class=\"sub-headline\">da\/per Napoli, Capri, Sorrento e la Costiera.<\/span><\/h1>\n<p>[\/et_pb_text][\/et_pb_column][\/et_pb_row][\/et_pb_section][et_pb_section fb_built=&#8221;1&#8243; _builder_version=&#8221;4.7.7&#8243; _module_preset=&#8221;default&#8221; background_color=&#8221;#efefef&#8221;][et_pb_row _builder_version=&#8221;4.7.7&#8243; _module_preset=&#8221;default&#8221;][et_pb_column type=&#8221;4_4&#8243; _builder_version=&#8221;4.7.7&#8243; _module_preset=&#8221;default&#8221;][et_pb_text _builder_version=&#8221;4.8.2&#8243; _module_preset=&#8221;default&#8221;]<\/p>\n<p>Rendi pi\u00f9 piacevoli gli spostamenti tra il Golfo di Napoli e quello di Salerno grazie al nostro servizio di trasferimento privato. Ti aspetteremo al molo e ti porteremo a destinazione in breve tempo, facendoti godere del magnifico panorama che offrono le nostre coste.<\/p>\n<p>Non dovrai attendere ore nel traffico stradale oppure sulle panchine degli affollati porti. Inoltre, d<span style=\"font-size: 16px\">urante il tragitto potrai distenderti al sole e goderti straordinari scenari.<\/span><\/p>\n<p>[\/et_pb_text][\/et_pb_column][\/et_pb_row][et_pb_row column_structure=&#8221;1_3,2_3&#8243; use_custom_gutter=&#8221;on&#8221; module_class=&#8221;two-columns&#8221; _builder_version=&#8221;4.9.0&#8243; _module_preset=&#8221;default&#8221;][et_pb_column type=&#8221;1_3&#8243; _builder_version=&#8221;4.8.2&#8243; _module_preset=&#8221;default&#8221;][et_pb_text _builder_version=&#8221;4.9.0&#8243; _module_preset=&#8221;default&#8221; background_color=&#8221;#00bfa5&#8243; custom_padding=&#8221;2%||2%||true|false&#8221; link_option_url=&#8221;https:\/\/wa.me\/393397893530&#8243;]<\/p>\n<p style=\"text-align: center;\"><img loading=\"lazy\" decoding=\"async\" src=\"http:\/\/www.bassamareaboatcharter.com\/wp-content\/uploads\/2021\/01\/whatsapp-icon.png\" width=\"27\" height=\"27\" alt=\"\" class=\"wp-image-263 alignnone size-full\" \/>\u00a0Usa WhatsApp!<\/p>\n<p>[\/et_pb_text][et_pb_text _builder_version=&#8221;4.9.7&#8243; _module_preset=&#8221;default&#8221; custom_padding=&#8221;4%||||false|false&#8221;]<\/p>\n<h3 style=\"text-align: center;\">Ufficio<\/h3>\n<p style=\"text-align: center;\"><a href=\"tel:+390816333700\">081 63 33 700<\/a><\/p>\n<h3 style=\"text-align: center;\">Cellulare<\/h3>\n<p style=\"text-align: center;\"><a href=\"tel:+393397893530\">339 78 93 530<\/a><\/p>\n<h3 style=\"text-align: center;\">E-mail<\/h3>\n<p style=\"text-align: center;\"><a href=\"mailto:info@bassamareaboatcharter.com\">info@bassamareaboatcharter.com<\/a><\/p>\n<p>[\/et_pb_text][\/et_pb_column][et_pb_column type=&#8221;2_3&#8243; _builder_version=&#8221;4.7.7&#8243; _module_preset=&#8221;default&#8221;][et_pb_contact_form use_spam_service=&#8221;on&#8221; recaptcha_list=&#8221;Bassamarea-0&#8243; email=&#8221;info@bassamareaboatcharter.com&#8221; title=&#8221;Contattaci&#8221; custom_message=&#8221;E-mail dal sito Bassamareaboatcharter.com\/it\/:||et_pb_line_break_holder||||et_pb_line_break_holder||Nome: %%Name%%||et_pb_line_break_holder||E-mail: %%Email%%||et_pb_line_break_holder||Numero Persone: %%pax%%||et_pb_line_break_holder||Data d&#8217;interesse: %%date%%||et_pb_line_break_holder||Interessato a: %%object%%||et_pb_line_break_holder||||et_pb_line_break_holder||Messaggio:||et_pb_line_break_holder||%%Message%%&#8221; success_message=&#8221;Grazie mille per averci contattato! Risponderemo in pochi minuti.&#8221; _builder_version=&#8221;4.9.7&#8243; _module_preset=&#8221;default&#8221; form_field_background_color=&#8221;#ffffff&#8221; form_field_text_color=&#8221;#868686&#8243; form_field_focus_background_color=&#8221;rgba(25,57,78,0.7)&#8221; form_field_focus_text_color=&#8221;#ffffff&#8221; title_level=&#8221;h2&#8243; title_text_align=&#8221;center&#8221; background_color=&#8221;#ffffff&#8221; custom_padding=&#8221;4%|2%|4%|2%|true|true&#8221;][et_pb_contact_field field_id=&#8221;Name&#8221; field_title=&#8221;Nome e Cognome&#8221; min_length=&#8221;6&#8243; allowed_symbols=&#8221;letters&#8221; _builder_version=&#8221;4.9.0&#8243; border_color_all=&#8221;#e5e5e5&#8243; border_width_bottom=&#8221;5px&#8221; button_text_size__hover_enabled=&#8221;off&#8221; button_one_text_size__hover_enabled=&#8221;off&#8221; button_two_text_size__hover_enabled=&#8221;off&#8221; button_text_color__hover_enabled=&#8221;off&#8221; button_one_text_color__hover_enabled=&#8221;off&#8221; button_two_text_color__hover_enabled=&#8221;off&#8221; button_border_width__hover_enabled=&#8221;off&#8221; button_one_border_width__hover_enabled=&#8221;off&#8221; button_two_border_width__hover_enabled=&#8221;off&#8221; button_border_color__hover_enabled=&#8221;off&#8221; button_one_border_color__hover_enabled=&#8221;off&#8221; button_two_border_color__hover_enabled=&#8221;off&#8221; button_border_radius__hover_enabled=&#8221;off&#8221; button_one_border_radius__hover_enabled=&#8221;off&#8221; button_two_border_radius__hover_enabled=&#8221;off&#8221; button_letter_spacing__hover_enabled=&#8221;off&#8221; button_one_letter_spacing__hover_enabled=&#8221;off&#8221; button_two_letter_spacing__hover_enabled=&#8221;off&#8221; button_bg_color__hover_enabled=&#8221;off&#8221; button_one_bg_color__hover_enabled=&#8221;off&#8221; button_two_bg_color__hover_enabled=&#8221;off&#8221;][\/et_pb_contact_field][et_pb_contact_field field_id=&#8221;Email&#8221; field_title=&#8221;E-mail&#8221; field_type=&#8221;email&#8221; _builder_version=&#8221;4.9.0&#8243; border_color_all=&#8221;#e5e5e5&#8243; border_width_bottom=&#8221;5px&#8221; button_text_size__hover_enabled=&#8221;off&#8221; button_one_text_size__hover_enabled=&#8221;off&#8221; button_two_text_size__hover_enabled=&#8221;off&#8221; button_text_color__hover_enabled=&#8221;off&#8221; button_one_text_color__hover_enabled=&#8221;off&#8221; button_two_text_color__hover_enabled=&#8221;off&#8221; button_border_width__hover_enabled=&#8221;off&#8221; button_one_border_width__hover_enabled=&#8221;off&#8221; button_two_border_width__hover_enabled=&#8221;off&#8221; button_border_color__hover_enabled=&#8221;off&#8221; button_one_border_color__hover_enabled=&#8221;off&#8221; button_two_border_color__hover_enabled=&#8221;off&#8221; button_border_radius__hover_enabled=&#8221;off&#8221; button_one_border_radius__hover_enabled=&#8221;off&#8221; button_two_border_radius__hover_enabled=&#8221;off&#8221; button_letter_spacing__hover_enabled=&#8221;off&#8221; button_one_letter_spacing__hover_enabled=&#8221;off&#8221; button_two_letter_spacing__hover_enabled=&#8221;off&#8221; button_bg_color__hover_enabled=&#8221;off&#8221; button_one_bg_color__hover_enabled=&#8221;off&#8221; button_two_bg_color__hover_enabled=&#8221;off&#8221;][\/et_pb_contact_field][et_pb_contact_field field_id=&#8221;pax&#8221; field_title=&#8221;Numero Persone&#8221; allowed_symbols=&#8221;numbers&#8221; _builder_version=&#8221;4.9.7&#8243; _module_preset=&#8221;default&#8221;][\/et_pb_contact_field][et_pb_contact_field field_id=&#8221;date&#8221; field_title=&#8221;Indicaci la data preferita&#8221; conditional_logic=&#8221;on&#8221; conditional_logic_rules=&#8221;%91{%22field%22:%22object%22,%22condition%22:%22is not%22,%22value%22:%22Maggiori informazioni%22}%93&#8243; _builder_version=&#8221;4.9.0&#8243; border_color_all=&#8221;#e5e5e5&#8243; border_width_bottom=&#8221;5px&#8221; button_text_size__hover_enabled=&#8221;off&#8221; button_one_text_size__hover_enabled=&#8221;off&#8221; button_two_text_size__hover_enabled=&#8221;off&#8221; button_text_color__hover_enabled=&#8221;off&#8221; button_one_text_color__hover_enabled=&#8221;off&#8221; button_two_text_color__hover_enabled=&#8221;off&#8221; button_border_width__hover_enabled=&#8221;off&#8221; button_one_border_width__hover_enabled=&#8221;off&#8221; button_two_border_width__hover_enabled=&#8221;off&#8221; button_border_color__hover_enabled=&#8221;off&#8221; button_one_border_color__hover_enabled=&#8221;off&#8221; button_two_border_color__hover_enabled=&#8221;off&#8221; button_border_radius__hover_enabled=&#8221;off&#8221; button_one_border_radius__hover_enabled=&#8221;off&#8221; button_two_border_radius__hover_enabled=&#8221;off&#8221; button_letter_spacing__hover_enabled=&#8221;off&#8221; button_one_letter_spacing__hover_enabled=&#8221;off&#8221; button_two_letter_spacing__hover_enabled=&#8221;off&#8221; button_bg_color__hover_enabled=&#8221;off&#8221; button_one_bg_color__hover_enabled=&#8221;off&#8221; button_two_bg_color__hover_enabled=&#8221;off&#8221;][\/et_pb_contact_field][et_pb_contact_field field_id=&#8221;object&#8221; field_title=&#8221;Indicaci la tua preferenza&#8221; field_type=&#8221;select&#8221; select_options=&#8221;%91{%22value%22:%22Tour privato%22,%22checked%22:0,%22dragID%22:-1},{%22value%22:%22Transfer privato%22,%22checked%22:0,%22dragID%22:0},{%22value%22:%22Noleggio barca%22,%22checked%22:0,%22dragID%22:1},{%22value%22:%22Maggiori informazioni%22,%22checked%22:0,%22dragID%22:2}%93&#8243; fullwidth_field=&#8221;on&#8221; _builder_version=&#8221;4.9.7&#8243; _module_preset=&#8221;default&#8221;][\/et_pb_contact_field][et_pb_contact_field field_id=&#8221;Message&#8221; field_title=&#8221;Messaggio&#8221; field_type=&#8221;text&#8221; fullwidth_field=&#8221;on&#8221; _builder_version=&#8221;4.9.0&#8243; border_width_bottom=&#8221;5px&#8221; border_color_bottom=&#8221;#e5e5e5&#8243; button_text_size__hover_enabled=&#8221;off&#8221; button_one_text_size__hover_enabled=&#8221;off&#8221; button_two_text_size__hover_enabled=&#8221;off&#8221; button_text_color__hover_enabled=&#8221;off&#8221; button_one_text_color__hover_enabled=&#8221;off&#8221; button_two_text_color__hover_enabled=&#8221;off&#8221; button_border_width__hover_enabled=&#8221;off&#8221; button_one_border_width__hover_enabled=&#8221;off&#8221; button_two_border_width__hover_enabled=&#8221;off&#8221; button_border_color__hover_enabled=&#8221;off&#8221; button_one_border_color__hover_enabled=&#8221;off&#8221; button_two_border_color__hover_enabled=&#8221;off&#8221; button_border_radius__hover_enabled=&#8221;off&#8221; button_one_border_radius__hover_enabled=&#8221;off&#8221; button_two_border_radius__hover_enabled=&#8221;off&#8221; button_letter_spacing__hover_enabled=&#8221;off&#8221; button_one_letter_spacing__hover_enabled=&#8221;off&#8221; button_two_letter_spacing__hover_enabled=&#8221;off&#8221; button_bg_color__hover_enabled=&#8221;off&#8221; button_one_bg_color__hover_enabled=&#8221;off&#8221; button_two_bg_color__hover_enabled=&#8221;off&#8221;][\/et_pb_contact_field][et_pb_contact_field field_id=&#8221;Privacy&#8221; field_title=&#8221;Voglio essere ricontattato&#8221; field_type=&#8221;checkbox&#8221; checkbox_options=&#8221;%91{%22value%22:%22Ho letto e accetto la %22,%22checked%22:0,%22dragID%22:-1,%22link_url%22:%22\/privacy-policy\/%22,%22link_text%22:%22privacy policy%22}%93&#8243; fullwidth_field=&#8221;on&#8221; _builder_version=&#8221;4.9.0&#8243; _module_preset=&#8221;default&#8221; border_radii=&#8221;on|10px|10px|10px|10px&#8221; border_width_all=&#8221;2px&#8221; border_color_all=&#8221;#e7873c&#8221;][\/et_pb_contact_field][\/et_pb_contact_form][\/et_pb_column][\/et_pb_row][\/et_pb_section][et_pb_section fb_built=&#8221;1&#8243; _builder_version=&#8221;4.7.7&#8243; _module_preset=&#8221;default&#8221; background_enable_color=&#8221;off&#8221; background_image=&#8221;http:\/\/www.bassamareaboatcharter.com\/wp-content\/uploads\/2020\/12\/bkg-sceglierci-pieno.jpg&#8221;][et_pb_row column_structure=&#8221;1_2,1_2&#8243; use_custom_gutter=&#8221;on&#8221; module_class=&#8221;two-columns&#8221; _builder_version=&#8221;4.8.0&#8243; _module_preset=&#8221;default&#8221;][et_pb_column type=&#8221;1_2&#8243; _builder_version=&#8221;4.8.0&#8243; _module_preset=&#8221;default&#8221;][et_pb_image src=&#8221;http:\/\/www.bassamareaboatcharter.com\/wp-content\/uploads\/2021\/01\/amalfi-coast-private-boat-tour.jpg&#8221; alt=&#8221;private boat tour on the amalfi coast&#8221; _builder_version=&#8221;4.8.0&#8243; _module_preset=&#8221;default&#8221;][\/et_pb_image][\/et_pb_column][et_pb_column type=&#8221;1_2&#8243; _builder_version=&#8221;4.8.0&#8243; _module_preset=&#8221;default&#8221;][et_pb_text _builder_version=&#8221;4.9.0&#8243; _module_preset=&#8221;default&#8221; custom_padding_tablet=&#8221;5%||||false|false&#8221; custom_padding_phone=&#8221;&#8221; custom_padding_last_edited=&#8221;on|tablet&#8221;]<\/p>\n<h2>Perch\u00e9 scegliere un trasferimento privato?<\/h2>\n<p>Ti portiamo diritto a destinazione! Mentre gli altri servizi di trasporto hanno fermate stabilite, noi possiamo scegliere il molo pi\u00f9 vicino all&#8217;attrazione da visitare o all&#8217; alloggio, facendoti risparmiare tempo e soldi per taxi, macchine private e mezzi pubblici.<\/p>\n<p>Inoltre, se sarai soddisfatto, potrai chiederci di essere riaccompagnato al punto di partenza, senza dover prenotare in anticipo.<\/p>\n<p>[\/et_pb_text][et_pb_button button_url=&#8221;#transfer-information&#8221; button_text=&#8221;Richiedici maggiori informazioni&#8221; button_alignment=&#8221;center&#8221; _builder_version=&#8221;4.8.2&#8243; _module_preset=&#8221;default&#8221; custom_button=&#8221;on&#8221; button_icon=&#8221;%%25%%&#8221; custom_margin=&#8221;4%||4%||true|false&#8221; custom_padding=&#8221;||||false|false&#8221; animation_style=&#8221;bounce&#8221;][\/et_pb_button][\/et_pb_column][\/et_pb_row][\/et_pb_section][et_pb_section fb_built=&#8221;1&#8243; _builder_version=&#8221;4.9.0&#8243; _module_preset=&#8221;default&#8221; background_color=&#8221;RGBA(0,0,0,0)&#8221; background_enable_image=&#8221;off&#8221;][et_pb_row _builder_version=&#8221;4.7.7&#8243; _module_preset=&#8221;default&#8221;][et_pb_column type=&#8221;4_4&#8243; _builder_version=&#8221;4.7.7&#8243; _module_preset=&#8221;default&#8221;][et_pb_text _builder_version=&#8221;4.8.2&#8243; _module_preset=&#8221;default&#8221;]<\/p>\n<h2 style=\"text-align: center\">I transfer pi\u00f9 richiesti<\/h2>\n<p style=\"text-align: center\"> Di seguito, elenchiamo i trasferimenti privati via mare molto richiesti tra il Golfo di Napoli ed il Golfo di Salerno.<\/p>\n<p style=\"text-align: center\">Se la tua destinazione non \u00e8 elencata non preoccuparti, offriamo il servizio anche su pontili privati.<\/p>\n<p>[\/et_pb_text][\/et_pb_column][\/et_pb_row][et_pb_row column_structure=&#8221;3_5,2_5&#8243; _builder_version=&#8221;4.9.0&#8243; _module_preset=&#8221;default&#8221;][et_pb_column type=&#8221;3_5&#8243; _builder_version=&#8221;4.9.0&#8243; _module_preset=&#8221;default&#8221;][et_pb_text _builder_version=&#8221;4.9.0&#8243; _module_preset=&#8221;default&#8221; width=&#8221;70%&#8221; width_tablet=&#8221;70%&#8221; width_phone=&#8221;90%&#8221; width_last_edited=&#8221;on|phone&#8221; module_alignment=&#8221;center&#8221;]<\/p>\n<table style=\"margin-top: 2%; border: 3px solid #e7873c;\">\n<tbody>\n<tr style=\"background: white;\">\n<td style=\"text-align: center;\"><strong>Principali porti<br \/> <\/strong><strong>di partenza e arrivo<\/strong><\/td>\n<\/tr>\n<tr>\n<td style=\"text-align: center;\">Amalfi<\/td>\n<\/tr>\n<tr>\n<td style=\"text-align: center;\">Capri<\/td>\n<\/tr>\n<tr>\n<td style=\"text-align: center;\">Ischia<\/td>\n<\/tr>\n<tr>\n<td style=\"text-align: center;\">Napoli<\/td>\n<\/tr>\n<tr>\n<td style=\"text-align: center;\">Positano<\/td>\n<\/tr>\n<tr>\n<td style=\"text-align: center;\">Procida<\/td>\n<\/tr>\n<tr>\n<td style=\"text-align: center;\">Salerno<\/td>\n<\/tr>\n<tr>\n<td style=\"text-align: center;\">Sorrento<\/td>\n<\/tr>\n<\/tbody>\n<\/table>\n<p>[\/et_pb_text][et_pb_button button_url=&#8221;#transfer-information&#8221; button_text=&#8221;Prenota il transfer&#8221; button_alignment=&#8221;center&#8221; _builder_version=&#8221;4.8.2&#8243; _module_preset=&#8221;default&#8221; custom_button=&#8221;on&#8221; button_icon=&#8221;%%25%%&#8221; custom_margin=&#8221;4%||4%||true|false&#8221; custom_padding=&#8221;||||false|false&#8221; animation_style=&#8221;bounce&#8221;][\/et_pb_button][\/et_pb_column][et_pb_column type=&#8221;2_5&#8243; _builder_version=&#8221;4.9.0&#8243; _module_preset=&#8221;default&#8221;][et_pb_text _builder_version=&#8221;4.9.0&#8243; _module_preset=&#8221;default&#8221; custom_padding_tablet=&#8221;&#8221; custom_padding_phone=&#8221;10%||||false|false&#8221; custom_padding_last_edited=&#8221;on|phone&#8221;]<\/p>\n<h3>Barche disponibili per il servizio transfer<\/h3>\n<p>[\/et_pb_text][et_pb_image src=&#8221;https:\/\/www.bassamareaboatcharter.com\/wp-content\/uploads\/noleggio-gommone-selva-nerano.jpeg&#8221; alt=&#8221;gommone Selva in noleggio a Marina del Cantone pronto per partire&#8221; title_text=&#8221;Gommone Selva di Bassa Marea&#8221; show_bottom_space=&#8221;off&#8221; align=&#8221;center&#8221; _builder_version=&#8221;4.9.4&#8243; _module_preset=&#8221;default&#8221; custom_margin=&#8221;||2%||false|false&#8221; animation_style=&#8221;slide&#8221; animation_direction=&#8221;right&#8221; animation_duration=&#8221;500ms&#8221; animation_intensity_slide=&#8221;10%&#8221;][\/et_pb_image][et_pb_image src=&#8221;https:\/\/www.bassamareaboatcharter.com\/wp-content\/uploads\/gozzo-ieranto10-upto12-people-boat-trip-1.jpeg&#8221; alt=&#8221;gozzo Ieranto 10, tour in barca fino a 12 persone&#8221; _builder_version=&#8221;4.9.0&#8243; _module_preset=&#8221;default&#8221; animation_style=&#8221;slide&#8221; animation_direction=&#8221;right&#8221; animation_duration=&#8221;500ms&#8221; animation_delay=&#8221;100ms&#8221; animation_intensity_slide=&#8221;10%&#8221;][\/et_pb_image][\/et_pb_column][\/et_pb_row][\/et_pb_section][et_pb_section fb_built=&#8221;1&#8243; _builder_version=&#8221;4.8.2&#8243; _module_preset=&#8221;default&#8221; background_enable_color=&#8221;off&#8221; background_image=&#8221;http:\/\/www.bassamareaboatcharter.com\/wp-content\/uploads\/2020\/12\/bkg-sceglierci-vuoto.png&#8221;][et_pb_row column_structure=&#8221;1_3,1_3,1_3&#8243; module_class=&#8221;three-columns&#8221; _builder_version=&#8221;4.8.2&#8243; _module_preset=&#8221;default&#8221; custom_padding=&#8221;8%||8%||true|false&#8221;][et_pb_column type=&#8221;1_3&#8243; _builder_version=&#8221;4.8.2&#8243; _module_preset=&#8221;default&#8221;][et_pb_blurb title=&#8221;Migliori tariffe, marinai esperti&#8221; use_icon=&#8221;on&#8221; font_icon=&#8221;%%244%%&#8221; icon_color=&#8221;#e7873c&#8221; use_circle=&#8221;on&#8221; use_icon_font_size=&#8221;on&#8221; icon_font_size=&#8221;20px&#8221; content_max_width_tablet=&#8221;&#8221; content_max_width_phone=&#8221;&#8221; content_max_width_last_edited=&#8221;on|desktop&#8221; icon_font_size_tablet=&#8221;&#8221; icon_font_size_phone=&#8221;&#8221; icon_font_size_last_edited=&#8221;on|desktop&#8221; _builder_version=&#8221;4.9.0&#8243; _module_preset=&#8221;default&#8221; text_orientation=&#8221;center&#8221; module_alignment=&#8221;center&#8221; custom_padding=&#8221;2%||2%||true|false&#8221;]<\/p>\n<p>Garantiamo il miglior prezzo.<\/p>\n<p>[\/et_pb_blurb][\/et_pb_column][et_pb_column type=&#8221;1_3&#8243; _builder_version=&#8221;4.8.2&#8243; _module_preset=&#8221;default&#8221;][et_pb_blurb title=&#8221;Un servizio impeccabile&#8221; use_icon=&#8221;on&#8221; font_icon=&#8221;%%170%%&#8221; icon_color=&#8221;#e7873c&#8221; use_circle=&#8221;on&#8221; use_icon_font_size=&#8221;on&#8221; icon_font_size=&#8221;20px&#8221; content_max_width_tablet=&#8221;&#8221; content_max_width_phone=&#8221;&#8221; content_max_width_last_edited=&#8221;on|desktop&#8221; icon_font_size_tablet=&#8221;&#8221; icon_font_size_phone=&#8221;&#8221; icon_font_size_last_edited=&#8221;on|desktop&#8221; _builder_version=&#8221;4.9.0&#8243; _module_preset=&#8221;default&#8221; text_orientation=&#8221;center&#8221; module_alignment=&#8221;center&#8221; custom_padding=&#8221;2%||2%||true|false&#8221;]<\/p>\n<p>Ci\u00f2 che ci ripaga maggiormente \u00e8 la felicit\u00e0 degli ospiti.<\/p>\n<p>[\/et_pb_blurb][\/et_pb_column][et_pb_column type=&#8221;1_3&#8243; _builder_version=&#8221;4.8.2&#8243; _module_preset=&#8221;default&#8221;][et_pb_blurb title=&#8221;Abbiamo a cuore la tua esperienza&#8221; use_icon=&#8221;on&#8221; font_icon=&#8221;%%257%%&#8221; icon_color=&#8221;#e7873c&#8221; use_circle=&#8221;on&#8221; use_icon_font_size=&#8221;on&#8221; icon_font_size=&#8221;20px&#8221; content_max_width_tablet=&#8221;&#8221; content_max_width_phone=&#8221;&#8221; content_max_width_last_edited=&#8221;on|desktop&#8221; icon_font_size_tablet=&#8221;&#8221; icon_font_size_phone=&#8221;&#8221; icon_font_size_last_edited=&#8221;on|desktop&#8221; _builder_version=&#8221;4.9.0&#8243; _module_preset=&#8221;default&#8221; text_orientation=&#8221;center&#8221; module_alignment=&#8221;center&#8221; custom_padding=&#8221;2%||2%||true|false&#8221;]<\/p>\n<p>Coltiviamo le amicizie con gli ospiti.<\/p>\n<p>[\/et_pb_blurb][\/et_pb_column][\/et_pb_row][\/et_pb_section]<\/p>\n","protected":false},"excerpt":{"rendered":"<p>Trasferimenti in barca privatada\/per Napoli, Capri, Sorrento e la Costiera.Rendi pi\u00f9 piacevoli gli spostamenti tra il Golfo di Napoli e quello di Salerno grazie al nostro servizio di trasferimento privato. Ti aspetteremo al molo e ti porteremo a destinazione in breve tempo, facendoti godere del magnifico panorama che offrono le nostre coste. Non dovrai attendere [&hellip;]<\/p>\n","protected":false},"author":1,"featured_media":0,"parent":0,"menu_order":0,"comment_status":"closed","ping_status":"closed","template":"","meta":{"_et_pb_use_builder":"on","_et_pb_old_content":"","_et_gb_content_width":"","footnotes":""},"class_list":["post-669","page","type-page","status-publish","hentry"],"_links":{"self":[{"href":"https:\/\/www.bassamareaboatcharter.com\/it\/wp-json\/wp\/v2\/pages\/669","targetHints":{"allow":["GET"]}}],"collection":[{"href":"https:\/\/www.bassamareaboatcharter.com\/it\/wp-json\/wp\/v2\/pages"}],"about":[{"href":"https:\/\/www.bassamareaboatcharter.com\/it\/wp-json\/wp\/v2\/types\/page"}],"author":[{"embeddable":true,"href":"https:\/\/www.bassamareaboatcharter.com\/it\/wp-json\/wp\/v2\/users\/1"}],"replies":[{"embeddable":true,"href":"https:\/\/www.bassamareaboatcharter.com\/it\/wp-json\/wp\/v2\/comments?post=669"}],"version-history":[{"count":20,"href":"https:\/\/www.bassamareaboatcharter.com\/it\/wp-json\/wp\/v2\/pages\/669\/revisions"}],"predecessor-version":[{"id":1257,"href":"https:\/\/www.bassamareaboatcharter.com\/it\/wp-json\/wp\/v2\/pages\/669\/revisions\/1257"}],"wp:attachment":[{"href":"https:\/\/www.bassamareaboatcharter.com\/it\/wp-json\/wp\/v2\/media?parent=669"}],"curies":[{"name":"wp","href":"https:\/\/api.w.org\/{rel}","templated":true}]}}