{"id":655,"date":"2021-02-22T15:22:25","date_gmt":"2021-02-22T14:22:25","guid":{"rendered":"http:\/\/www.bassamareaboatcharter.com\/boat-rental-for-sunset-or-marriage-proposal\/"},"modified":"2023-04-11T22:15:03","modified_gmt":"2023-04-11T20:15:03","slug":"noleggio-barca-privata-tramonto-proposta-matrimonio","status":"publish","type":"page","link":"https:\/\/www.bassamareaboatcharter.com\/it\/noleggio-barca-privata-tramonto-proposta-matrimonio\/","title":{"rendered":"Tramonto o proposta di matrimonio in barca"},"content":{"rendered":"<p>[et_pb_section fb_built=&#8221;1&#8243; _builder_version=&#8221;4.16&#8243; _module_preset=&#8221;default&#8221; background_image=&#8221;https:\/\/www.bassamareaboatcharter.com\/wp-content\/uploads\/2021\/01\/capri-sunset-private-boat-tour.jpg&#8221; min_height=&#8221;520px&#8221; min_height_tablet=&#8221;470px&#8221; min_height_phone=&#8221;450px&#8221; min_height_last_edited=&#8221;on|phone&#8221; height=&#8221;520px&#8221; max_height=&#8221;520px&#8221; custom_padding=&#8221;||0%||false|false&#8221; background_last_edited=&#8221;on|phone&#8221; background_image_tablet=&#8221;http:\/\/www.bassamareaboatcharter.com\/wp-content\/uploads\/2021\/01\/capri-sunset-private-boat-tour-1024&#215;756.jpg&#8221; background_image_phone=&#8221;http:\/\/www.bassamareaboatcharter.com\/wp-content\/uploads\/2021\/01\/capri-sunset-private-boat-tour-1024&#215;756.jpg&#8221; background_enable_image_tablet=&#8221;on&#8221; background_enable_image_phone=&#8221;on&#8221; background_size_phone=&#8221;cover&#8221; global_colors_info=&#8221;{}&#8221; alt_tablet=&#8221;marina cantone private boat tours&#8221; alt_phone=&#8221;marina cantone private boat tours&#8221;][et_pb_row _builder_version=&#8221;4.16&#8243; _module_preset=&#8221;default&#8221; custom_margin=&#8221;16%||||false|false&#8221; custom_margin_tablet=&#8221;36%||||false|false&#8221; custom_margin_phone=&#8221;50%||||false|false&#8221; custom_margin_last_edited=&#8221;on|phone&#8221; global_colors_info=&#8221;{}&#8221;][et_pb_column type=&#8221;4_4&#8243; _builder_version=&#8221;4.16&#8243; _module_preset=&#8221;default&#8221; global_colors_info=&#8221;{}&#8221;][et_pb_text _builder_version=&#8221;4.16&#8243; _module_preset=&#8221;default&#8221; text_text_color=&#8221;#ffffff&#8221; header_text_color=&#8221;#ffffff&#8221; header_line_height=&#8221;1.2em&#8221; header_2_text_color=&#8221;#ffffff&#8221; background_color=&#8221;rgba(25,57,78,0.7)&#8221; custom_padding=&#8221;3%||3%||true|false&#8221; global_colors_info=&#8221;{}&#8221;]<\/p>\n<h1 itemprop=\"headline\" style=\"text-align: center;\"><span style=\"font-size: 26px;\" class=\"sub-headline\">Un&#8217;indimenticabile tour in barca<br \/><\/span><span style=\"font-size: 26px;\" class=\"sub-headline\">per goderti il tramonto<br \/> o chiederle la mano&#8230;<\/span><\/h1>\n<p>[\/et_pb_text][\/et_pb_column][\/et_pb_row][\/et_pb_section][et_pb_section fb_built=&#8221;1&#8243; _builder_version=&#8221;4.16&#8243; _module_preset=&#8221;default&#8221; background_color=&#8221;#efefef&#8221; global_colors_info=&#8221;{}&#8221;][et_pb_row _builder_version=&#8221;4.16&#8243; _module_preset=&#8221;default&#8221; global_colors_info=&#8221;{}&#8221;][et_pb_column type=&#8221;4_4&#8243; _builder_version=&#8221;4.16&#8243; _module_preset=&#8221;default&#8221; global_colors_info=&#8221;{}&#8221;][et_pb_text _builder_version=&#8221;4.16&#8243; _module_preset=&#8221;default&#8221; custom_padding=&#8221;10%||10%||false|false&#8221; custom_padding_tablet=&#8221;&#8221; custom_padding_phone=&#8221;&#8221; custom_padding_last_edited=&#8221;on|phone&#8221; global_colors_info=&#8221;{}&#8221;]<\/p>\n<p>Un fantastico tour in barca per ammirare gli spettacolari tramonti della costiera!<\/p>\n<p>Uno spettacolo unico al mondo: la luce del tramonto si riflette sul mare e dove si perde l&#8217;occhio, il mare e il cielo si fondono creando un unico sfondo.<\/p>\n<p>Un tour per i romantici, gli innamorati e tutti colori che amano.<\/p>\n<p>[\/et_pb_text][\/et_pb_column][\/et_pb_row][\/et_pb_section][et_pb_section fb_built=&#8221;1&#8243; _builder_version=&#8221;4.16&#8243; _module_preset=&#8221;default&#8221; background_enable_color=&#8221;off&#8221; background_image=&#8221;https:\/\/www.bassamareaboatcharter.com\/wp-content\/uploads\/2020\/12\/bkg-sceglierci-pieno.jpg&#8221; global_colors_info=&#8221;{}&#8221;][et_pb_row column_structure=&#8221;1_2,1_2&#8243; use_custom_gutter=&#8221;on&#8221; module_class=&#8221;two-columns&#8221; _builder_version=&#8221;4.16&#8243; _module_preset=&#8221;default&#8221; global_colors_info=&#8221;{}&#8221;][et_pb_column type=&#8221;1_2&#8243; _builder_version=&#8221;4.16&#8243; _module_preset=&#8221;default&#8221; global_colors_info=&#8221;{}&#8221;][et_pb_gallery gallery_ids=&#8221;971,887,790,792,899,304&#8243; fullwidth=&#8221;on&#8221; _builder_version=&#8221;4.16&#8243; _module_preset=&#8221;default&#8221; global_colors_info=&#8221;{}&#8221;][\/et_pb_gallery][\/et_pb_column][et_pb_column type=&#8221;1_2&#8243; _builder_version=&#8221;4.16&#8243; _module_preset=&#8221;default&#8221; global_colors_info=&#8221;{}&#8221;][et_pb_text _builder_version=&#8221;4.16&#8243; _module_preset=&#8221;default&#8221; custom_padding=&#8221;22%||||false|false&#8221; global_colors_info=&#8221;{}&#8221;]<\/p>\n<p>Se invece stai pensando ad un romantico &#8220;s\u00ec&#8221; o ad un caratteristico servizio fotografico per il vostro matrimonio, contattaci e penseremo a tutto noi.<\/p>\n<p>[\/et_pb_text][et_pb_button button_url=&#8221;\/it\/contatti\/&#8221; button_text=&#8221;Richiedi informazioni&#8221; button_alignment=&#8221;center&#8221; _builder_version=&#8221;4.16&#8243; _module_preset=&#8221;default&#8221; custom_margin=&#8221;4%||4%||true|false&#8221; custom_padding=&#8221;||||false|false&#8221; animation_style=&#8221;fade&#8221; global_colors_info=&#8221;{}&#8221;][\/et_pb_button][\/et_pb_column][\/et_pb_row][\/et_pb_section][et_pb_section fb_built=&#8221;1&#8243; _builder_version=&#8221;4.16&#8243; _module_preset=&#8221;default&#8221; background_color=&#8221;rgba(0,0,0,0)&#8221; global_colors_info=&#8221;{}&#8221;][et_pb_row column_structure=&#8221;1_3,1_3,1_3&#8243; module_class=&#8221;three-columns&#8221; _builder_version=&#8221;4.16&#8243; _module_preset=&#8221;default&#8221; global_colors_info=&#8221;{}&#8221;][et_pb_column type=&#8221;1_3&#8243; _builder_version=&#8221;4.16&#8243; _module_preset=&#8221;default&#8221; global_colors_info=&#8221;{}&#8221;][et_pb_blurb title=&#8221;Migliori tariffe, marinai esperti&#8221; use_icon=&#8221;on&#8221; font_icon=&#8221;&#xe07c;||divi||400&#8243; icon_color=&#8221;#e7873c&#8221; image_icon_background_color=&#8221;#19394e&#8221; image_icon_width=&#8221;20px&#8221; image_icon_width_tablet=&#8221;20px&#8221; image_icon_width_phone=&#8221;20px&#8221; image_icon_width_last_edited=&#8221;on|desktop&#8221; content_max_width_tablet=&#8221;&#8221; content_max_width_phone=&#8221;&#8221; content_max_width_last_edited=&#8221;on|desktop&#8221; _builder_version=&#8221;4.16&#8243; _module_preset=&#8221;default&#8221; image_icon_custom_padding=&#8221;25px|25px|25px|25px|false|false&#8221; text_orientation=&#8221;center&#8221; module_alignment=&#8221;center&#8221; custom_padding=&#8221;2%||2%||true|false&#8221; border_radii_image=&#8221;on|100%|100%|100%|100%&#8221; icon_font_size=&#8221;20px&#8221; icon_font_size_tablet=&#8221;&#8221; icon_font_size_phone=&#8221;&#8221; icon_font_size_last_edited=&#8221;on|desktop&#8221; use_circle=&#8221;on&#8221; global_colors_info=&#8221;{}&#8221; image_icon_background_color__sticky_enabled=&#8221;#19394e&#8221; image_icon_background_color__sticky=&#8221;#19394e&#8221;]<\/p>\n<div class=\"et_pb_module et_pb_blurb et_pb_blurb_0  et_pb_text_align_center  et_pb_blurb_position_top et_pb_bg_layout_light\">\n<div class=\"et_pb_blurb_content\">\n<div class=\"et_pb_blurb_container\">\n<div class=\"et_pb_blurb_description\">\n<p>Garantiamo il miglior prezzo.<\/p>\n<\/div>\n<\/div>\n<\/div>\n<\/div>\n<p>[\/et_pb_blurb][\/et_pb_column][et_pb_column type=&#8221;1_3&#8243; _builder_version=&#8221;4.16&#8243; _module_preset=&#8221;default&#8221; global_colors_info=&#8221;{}&#8221;][et_pb_blurb title=&#8221;Un servizio impeccabile&#8221; use_icon=&#8221;on&#8221; font_icon=&#8221;&#xe032;||divi||400&#8243; icon_color=&#8221;#e7873c&#8221; image_icon_background_color=&#8221;#19394e&#8221; image_icon_width=&#8221;20px&#8221; image_icon_width_tablet=&#8221;20px&#8221; image_icon_width_phone=&#8221;20px&#8221; image_icon_width_last_edited=&#8221;on|desktop&#8221; content_max_width_tablet=&#8221;&#8221; content_max_width_phone=&#8221;&#8221; content_max_width_last_edited=&#8221;on|desktop&#8221; _builder_version=&#8221;4.16&#8243; _module_preset=&#8221;default&#8221; image_icon_custom_padding=&#8221;25px|25px|25px|25px|false|false&#8221; text_orientation=&#8221;center&#8221; module_alignment=&#8221;center&#8221; custom_padding=&#8221;2%||2%||true|false&#8221; border_radii_image=&#8221;on|100%|100%|100%|100%&#8221; icon_font_size=&#8221;20px&#8221; icon_font_size_tablet=&#8221;&#8221; icon_font_size_phone=&#8221;&#8221; icon_font_size_last_edited=&#8221;on|desktop&#8221; use_circle=&#8221;on&#8221; global_colors_info=&#8221;{}&#8221; image_icon_background_color__sticky_enabled=&#8221;#19394e&#8221; image_icon_background_color__sticky=&#8221;#19394e&#8221;]<\/p>\n<p>Ci\u00f2 che ci ripaga maggiormente \u00e8 la felicit\u00e0 degli ospiti.<\/p>\n<p>[\/et_pb_blurb][\/et_pb_column][et_pb_column type=&#8221;1_3&#8243; _builder_version=&#8221;4.16&#8243; _module_preset=&#8221;default&#8221; global_colors_info=&#8221;{}&#8221;][et_pb_blurb title=&#8221;Abbiamo a cuore la tua esperienza&#8221; use_icon=&#8221;on&#8221; font_icon=&#8221;&#xe089;||divi||400&#8243; icon_color=&#8221;#e7873c&#8221; image_icon_background_color=&#8221;#19394e&#8221; image_icon_width=&#8221;20px&#8221; image_icon_width_tablet=&#8221;20px&#8221; image_icon_width_phone=&#8221;20px&#8221; image_icon_width_last_edited=&#8221;on|desktop&#8221; content_max_width_tablet=&#8221;&#8221; content_max_width_phone=&#8221;&#8221; content_max_width_last_edited=&#8221;on|desktop&#8221; _builder_version=&#8221;4.16&#8243; _module_preset=&#8221;default&#8221; image_icon_custom_padding=&#8221;25px|25px|25px|25px|false|false&#8221; text_orientation=&#8221;center&#8221; module_alignment=&#8221;center&#8221; custom_padding=&#8221;2%||2%||true|false&#8221; border_radii_image=&#8221;on|100%|100%|100%|100%&#8221; icon_font_size=&#8221;20px&#8221; icon_font_size_tablet=&#8221;&#8221; icon_font_size_phone=&#8221;&#8221; icon_font_size_last_edited=&#8221;on|desktop&#8221; use_circle=&#8221;on&#8221; global_colors_info=&#8221;{}&#8221; image_icon_background_color__sticky_enabled=&#8221;#19394e&#8221; image_icon_background_color__sticky=&#8221;#19394e&#8221;]Coltiviamo le amicizie con gli ospiti.[\/et_pb_blurb][\/et_pb_column][\/et_pb_row][\/et_pb_section][et_pb_section fb_built=&#8221;1&#8243; _builder_version=&#8221;4.16&#8243; _module_preset=&#8221;default&#8221; background_enable_color=&#8221;off&#8221; background_image=&#8221;https:\/\/www.bassamareaboatcharter.com\/wp-content\/uploads\/2020\/12\/bkg-sceglierci-pieno.jpg&#8221; custom_margin=&#8221;||||false|false&#8221; custom_padding=&#8221;||||false|false&#8221; global_colors_info=&#8221;{}&#8221;][et_pb_row _builder_version=&#8221;4.16&#8243; _module_preset=&#8221;default&#8221; global_colors_info=&#8221;{}&#8221;][et_pb_column type=&#8221;4_4&#8243; _builder_version=&#8221;4.16&#8243; _module_preset=&#8221;default&#8221; global_colors_info=&#8221;{}&#8221;][et_pb_text _builder_version=&#8221;4.17.1&#8243; _module_preset=&#8221;default&#8221; global_colors_info=&#8221;{}&#8221;]<\/p>\n<h2 style=\"text-align: center;\">Barche per tour privati<\/h2>\n<p>&nbsp;<\/p>\n<p>Abbiamo scelto di comporre la flotta in base alle possibili esigenze degli ospiti. Infatti, con noi, non importa se viaggi in gruppo oppure in coppia, in entrambi i casi possiamo offrire la barca che fa al caso tuo.<\/p>\n<p>[\/et_pb_text][\/et_pb_column][\/et_pb_row][et_pb_row column_structure=&#8221;1_3,1_3,1_3&#8243; use_custom_gutter=&#8221;on&#8221; make_equal=&#8221;on&#8221; module_class=&#8221;three-columns&#8221; _builder_version=&#8221;4.16&#8243; _module_preset=&#8221;default&#8221; global_colors_info=&#8221;{}&#8221;][et_pb_column type=&#8221;1_3&#8243; _builder_version=&#8221;4.16&#8243; _module_preset=&#8221;default&#8221; global_colors_info=&#8221;{}&#8221;][et_pb_blurb title=&#8221;Gozzo Ieranto 10 HT %22Maravilla%22&#8243; image=&#8221;https:\/\/www.bassamareaboatcharter.com\/wp-content\/uploads\/gozzo-ieranto10-upto12-people-boat-trip-1.jpeg&#8221; alt=&#8221;gozzo Ieranto 10, tour in barca fino a 12 persone&#8221; _builder_version=&#8221;4.16&#8243; _module_preset=&#8221;default&#8221; global_colors_info=&#8221;{}&#8221;]<\/p>\n<ul>\n<li>Lunghezza: 10 m;<\/li>\n<li>Velocit\u00e0: 25 nodi;<\/li>\n<li>Max Persone: 12.<\/li>\n<\/ul>\n<p><strong>Servizi:<\/strong> prendisole, cuscini doccia scaletta, tenda per il sole , cabina, bagno, frigobar.<\/p>\n<p><strong>Noleggio:<\/strong> solo con marinaio.<\/p>\n<p>[\/et_pb_blurb][\/et_pb_column][et_pb_column type=&#8221;1_3&#8243; _builder_version=&#8221;4.16&#8243; _module_preset=&#8221;default&#8221; global_colors_info=&#8221;{}&#8221;][et_pb_gallery gallery_ids=&#8221;943,1344,1346,1342&#8243; fullwidth=&#8221;on&#8221; _builder_version=&#8221;4.17.1&#8243; _module_preset=&#8221;default&#8221; background_layout=&#8221;dark&#8221; global_colors_info=&#8221;{}&#8221;][\/et_pb_gallery][et_pb_blurb title=&#8221;Apreamare Smeraldo 9 %22Mariagrazia%22&#8243; alt=&#8221;Gozzo Ieranto 750&#8243; _builder_version=&#8221;4.17.1&#8243; _module_preset=&#8221;default&#8221; custom_margin_tablet=&#8221;10%||10%||true|false&#8221; custom_margin_phone=&#8221;&#8221; custom_margin_last_edited=&#8221;on|tablet&#8221; global_colors_info=&#8221;{}&#8221;]<\/p>\n<ul>\n<li>Lunghezza: 9 m;<\/li>\n<li>Velocit\u00e0: 29 nodi;<\/li>\n<li>Max Persone: 12.<\/li>\n<\/ul>\n<p><strong>Servizi:<\/strong> prendisole, cuscini doccia scaletta, tenda per il sole , cabina, bagno, frigobar.<\/p>\n<p><strong>Noleggio:<\/strong> solo con marinaio.<\/p>\n<p>[\/et_pb_blurb][\/et_pb_column][et_pb_column type=&#8221;1_3&#8243; _builder_version=&#8221;4.16&#8243; _module_preset=&#8221;default&#8221; global_colors_info=&#8221;{}&#8221;][et_pb_gallery gallery_ids=&#8221;1201,1195,1197,1199,1211,1213,1203,1209&#8243; fullwidth=&#8221;on&#8221; _builder_version=&#8221;4.16&#8243; _module_preset=&#8221;default&#8221; background_layout=&#8221;dark&#8221; global_colors_info=&#8221;{}&#8221;][\/et_pb_gallery][et_pb_blurb title=&#8221;Gozzo Ieranto 7,50 %22Donna Rosa%22&#8243; alt=&#8221;Gozzo Ieranto 750&#8243; _builder_version=&#8221;4.16&#8243; _module_preset=&#8221;default&#8221; custom_margin_tablet=&#8221;10%||10%||true|false&#8221; custom_margin_phone=&#8221;&#8221; custom_margin_last_edited=&#8221;on|tablet&#8221; global_colors_info=&#8221;{}&#8221;]<\/p>\n<ul>\n<li>Lunghezza: 7,50 m;<\/li>\n<li>Velocit\u00e0: 15 nodi;<\/li>\n<li>Max Persone: 6.<\/li>\n<\/ul>\n<p><strong>Servizi:<\/strong> prendisole, cuscini doccia scaletta, tenda per il sole , cabina, bagno, frigobar.<\/p>\n<p><strong>Noleggio:<\/strong> solo con marinaio.<\/p>\n<p>[\/et_pb_blurb][\/et_pb_column][\/et_pb_row][et_pb_row column_structure=&#8221;1_3,1_3,1_3&#8243; use_custom_gutter=&#8221;on&#8221; make_equal=&#8221;on&#8221; module_class=&#8221;three-columns&#8221; _builder_version=&#8221;4.16&#8243; _module_preset=&#8221;default&#8221; global_colors_info=&#8221;{}&#8221; theme_builder_area=&#8221;post_content&#8221;][et_pb_column type=&#8221;1_3&#8243; _builder_version=&#8221;4.16&#8243; _module_preset=&#8221;default&#8221; global_colors_info=&#8221;{}&#8221; theme_builder_area=&#8221;post_content&#8221;][et_pb_gallery gallery_ids=&#8221;921,949,947,951&#8243; fullwidth=&#8221;on&#8221; _builder_version=&#8221;4.16&#8243; _module_preset=&#8221;default&#8221; background_layout=&#8221;dark&#8221; global_colors_info=&#8221;{}&#8221; theme_builder_area=&#8221;post_content&#8221;][\/et_pb_gallery][et_pb_blurb title=&#8221;Gozzo Sorrentino %22Aloha%22&#8243; alt=&#8221;Gozzo Aloha, per tour fino ad 8 persone&#8221; _builder_version=&#8221;4.16&#8243; _module_preset=&#8221;default&#8221; custom_margin_tablet=&#8221;10%||10%||true|false&#8221; custom_margin_phone=&#8221;&#8221; custom_margin_last_edited=&#8221;on|tablet&#8221; custom_padding_last_edited=&#8221;off|tablet&#8221; global_colors_info=&#8221;{}&#8221; theme_builder_area=&#8221;post_content&#8221;]<\/p>\n<ul>\n<li>Lunghezza: 7,50 m;<\/li>\n<li>Velocit\u00e0: 15 nodi;<\/li>\n<li>Max Persone: 8.<\/li>\n<\/ul>\n<p><strong>Servizi:<\/strong> prendisole, cuscini doccia scaletta, tenda per il sole.<\/p>\n<p><strong>Noleggio:<\/strong>\u00a0con o senza marinaio (patente necessaria).<\/p>\n<p>[\/et_pb_blurb][\/et_pb_column][et_pb_column type=&#8221;1_3&#8243; _builder_version=&#8221;4.16&#8243; _module_preset=&#8221;default&#8221; global_colors_info=&#8221;{}&#8221; theme_builder_area=&#8221;post_content&#8221;][et_pb_gallery gallery_ids=&#8221;923&#8243; fullwidth=&#8221;on&#8221; _builder_version=&#8221;4.17.1&#8243; _module_preset=&#8221;default&#8221; background_layout=&#8221;dark&#8221; global_colors_info=&#8221;{}&#8221; theme_builder_area=&#8221;post_content&#8221;][\/et_pb_gallery][et_pb_blurb title=&#8221;Apreamare %22Davide%22&#8243; alt=&#8221;Gozzo Aloha, per tour fino ad 8 persone&#8221; _builder_version=&#8221;4.17.1&#8243; _module_preset=&#8221;default&#8221; custom_margin_tablet=&#8221;10%||10%||true|false&#8221; custom_margin_phone=&#8221;&#8221; custom_margin_last_edited=&#8221;on|tablet&#8221; custom_padding_last_edited=&#8221;off|tablet&#8221; global_colors_info=&#8221;{}&#8221; theme_builder_area=&#8221;post_content&#8221;]<\/p>\n<ul>\n<li>Lunghezza: 7,80 m;<\/li>\n<li>Velocit\u00e0: 10 nodi;<\/li>\n<li>Max Persone: 8.<\/li>\n<\/ul>\n<p><strong>Servizi:<\/strong> prendisole, cuscini doccia scaletta, tenda per il sole.<\/p>\n<p><strong>Noleggio:<\/strong>\u00a0con o senza marinaio.<\/p>\n<p>[\/et_pb_blurb][\/et_pb_column][et_pb_column type=&#8221;1_3&#8243; _builder_version=&#8221;4.16&#8243; _module_preset=&#8221;default&#8221; global_colors_info=&#8221;{}&#8221; theme_builder_area=&#8221;post_content&#8221;][\/et_pb_column][\/et_pb_row][\/et_pb_section][et_pb_section fb_built=&#8221;1&#8243; _builder_version=&#8221;4.16&#8243; _module_preset=&#8221;default&#8221; background_color=&#8221;rgba(0,0,0,0)&#8221; global_colors_info=&#8221;{}&#8221;][et_pb_row _builder_version=&#8221;4.16&#8243; _module_preset=&#8221;default&#8221; global_colors_info=&#8221;{}&#8221;][et_pb_column type=&#8221;4_4&#8243; _builder_version=&#8221;4.16&#8243; _module_preset=&#8221;default&#8221; global_colors_info=&#8221;{}&#8221;][et_pb_text _builder_version=&#8221;4.16&#8243; _module_preset=&#8221;default&#8221; global_colors_info=&#8221;{}&#8221;]<\/p>\n<h2 style=\"text-align: center;\">Altri servizi<\/h2>\n<p>[\/et_pb_text][\/et_pb_column][\/et_pb_row][et_pb_row column_structure=&#8221;1_3,1_3,1_3&#8243; use_custom_gutter=&#8221;on&#8221; make_equal=&#8221;on&#8221; module_class=&#8221;three-columns&#8221; _builder_version=&#8221;4.16&#8243; _module_preset=&#8221;default&#8221; global_colors_info=&#8221;{}&#8221;][et_pb_column type=&#8221;1_3&#8243; _builder_version=&#8221;4.16&#8243; _module_preset=&#8221;default&#8221; background_color=&#8221;#ffffff&#8221; animation_style=&#8221;flip&#8221; animation_direction=&#8221;left&#8221; global_colors_info=&#8221;{}&#8221;][et_pb_image src=&#8221;https:\/\/www.bassamareaboatcharter.com\/wp-content\/uploads\/2021\/02\/private-boat-tours.png&#8221; alt=&#8221;Faraglioni e Capri durante il tour in barca&#8221; title_text=&#8221;Tour privati in barca&#8221; src_last_edited=&#8221;off|desktop&#8221; _builder_version=&#8221;4.16&#8243; _module_preset=&#8221;default&#8221; background_color=&#8221;#efefef&#8221; global_colors_info=&#8221;{}&#8221;][\/et_pb_image][et_pb_cta _builder_version=&#8221;4.16&#8243; _module_preset=&#8221;default&#8221; use_background_color=&#8221;off&#8221; button_alignment=&#8221;center&#8221; text_orientation=&#8221;left&#8221; background_layout=&#8221;light&#8221; custom_padding=&#8221;2%|2%|2%|2%|true|true&#8221; global_colors_info=&#8221;{}&#8221;]<\/p>\n<h2><img loading=\"lazy\" decoding=\"async\" src=\"http:\/\/www.bassamareaboatcharter.com\/wp-content\/uploads\/2020\/12\/ic-boat.png\" width=\"49\" height=\"17\" alt=\"\" class=\"wp-image-139 alignnone size-full\" \/>\u00a0 Tour Privati<\/h2>\n<p>Trascorri qualche ora o un\u2019intera giornata in totale relax. Ti aspettano scenari mozzafiato e tuffi tra calette e insenature naturali. Potrai rimanere in barca a prendere il sole o visitare famosi luoghi come Capri, Positano, Amalfi e tanti altri.<\/p>\n<p>[\/et_pb_cta][et_pb_button button_url=&#8221;\/it\/tour-barca-privata\/&#8221; button_text=&#8221;Scopri i tour privati&#8221; _builder_version=&#8221;4.16&#8243; _module_preset=&#8221;default&#8221; custom_margin=&#8221;||-2%|-2%|false|false&#8221; custom_padding=&#8221;||||false|false&#8221; global_colors_info=&#8221;{}&#8221;][\/et_pb_button][\/et_pb_column][et_pb_column type=&#8221;1_3&#8243; _builder_version=&#8221;4.16&#8243; _module_preset=&#8221;default&#8221; background_color=&#8221;#ffffff&#8221; animation_style=&#8221;flip&#8221; animation_direction=&#8221;left&#8221; global_colors_info=&#8221;{}&#8221;][et_pb_image src=&#8221;https:\/\/www.bassamareaboatcharter.com\/wp-content\/uploads\/2021\/02\/private-water-taxi-between-naples-salerno.png&#8221; alt=&#8221;gozzo sorrentino, tipica imbarcazione&#8221; title_text=&#8221;Barca privata per Napoli, Capri, Sorrento e la Costiera&#8221; _builder_version=&#8221;4.16&#8243; _module_preset=&#8221;default&#8221; background_color=&#8221;#efefef&#8221; global_colors_info=&#8221;{}&#8221;][\/et_pb_image][et_pb_cta _builder_version=&#8221;4.16&#8243; _module_preset=&#8221;default&#8221; use_background_color=&#8221;off&#8221; button_alignment=&#8221;center&#8221; text_orientation=&#8221;left&#8221; background_layout=&#8221;light&#8221; custom_padding=&#8221;2%|2%|2%|2%|false|true&#8221; global_colors_info=&#8221;{}&#8221;]<\/p>\n<h2><img loading=\"lazy\" decoding=\"async\" src=\"http:\/\/www.bassamareaboatcharter.com\/wp-content\/uploads\/2020\/12\/ic-boat.png\" width=\"49\" height=\"17\" alt=\"\" class=\"wp-image-139 alignnone size-full\" \/>\u00a0 Transfer Privati<\/h2>\n<p>Lunghe attese ai porti e lenti spostamenti in auto ti annoiano? Hai ragione, ci sono troppe attrazioni ed esperienze che non puoi farti sfuggire. Per questo ti offriamo trasferimenti veloci via mare per tutte le localit\u00e0 del Golfo di Napoli e di Salerno!<\/p>\n<p>[\/et_pb_cta][et_pb_button button_url=&#8221;\/it\/transfer-barca-privata\/&#8221; button_text=&#8221;Richiedi un transfer&#8221; _builder_version=&#8221;4.16&#8243; _module_preset=&#8221;default&#8221; custom_margin=&#8221;||-2%|-2%|false|false&#8221; custom_padding=&#8221;||||false|false&#8221; global_colors_info=&#8221;{}&#8221;][\/et_pb_button][\/et_pb_column][et_pb_column type=&#8221;1_3&#8243; _builder_version=&#8221;4.16&#8243; _module_preset=&#8221;default&#8221; background_color=&#8221;#ffffff&#8221; animation_style=&#8221;flip&#8221; animation_direction=&#8221;left&#8221; global_colors_info=&#8221;{}&#8221;][et_pb_image src=&#8221;https:\/\/www.bassamareaboatcharter.com\/wp-content\/uploads\/2021\/02\/boat-rentals-nerano-marina-del-cantone.png&#8221; alt=&#8221;famiglia felice durante un tour in barca&#8221; title_text=&#8221;Noleggio barche da Marina del Cantone&#8221; _builder_version=&#8221;4.16&#8243; _module_preset=&#8221;default&#8221; background_color=&#8221;#efefef&#8221; global_colors_info=&#8221;{}&#8221;][\/et_pb_image][et_pb_cta _builder_version=&#8221;4.16&#8243; _module_preset=&#8221;default&#8221; header_line_height=&#8221;1.2em&#8221; use_background_color=&#8221;off&#8221; button_alignment=&#8221;center&#8221; text_orientation=&#8221;left&#8221; background_layout=&#8221;light&#8221; custom_padding=&#8221;0%|2%|2%|2%|false|true&#8221; global_colors_info=&#8221;{}&#8221;]<\/p>\n<h2><img loading=\"lazy\" decoding=\"async\" src=\"http:\/\/www.bassamareaboatcharter.com\/wp-content\/uploads\/2020\/12\/ic-boat3.png\" width=\"40\" height=\"27\" alt=\"\" class=\"wp-image-143 alignnone size-full\" \/>\u00a0 Noleggio<br \/> <span style=\"font-size: 16px;\">(senza marinaio)<\/span><\/h2>\n<p>\u201cCapitani per un giorno!\u201d. Noleggia una barca o un gommone e trascina il tuo equipaggio in una meravigliosa avventura. Sbalorditivi scenari faranno da cornice ad una giornata ricca di divertimento e serenit\u00e0.<\/p>\n<p>[\/et_pb_cta][et_pb_button button_url=&#8221;\/it\/noleggio-gommoni-barche\/&#8221; button_text=&#8221;Noleggia una barca&#8221; _builder_version=&#8221;4.16&#8243; _module_preset=&#8221;default&#8221; custom_margin=&#8221;||-2%|-2%|false|false&#8221; custom_padding=&#8221;||||false|false&#8221; global_colors_info=&#8221;{}&#8221;][\/et_pb_button][\/et_pb_column][\/et_pb_row][\/et_pb_section]<\/p>\n","protected":false},"excerpt":{"rendered":"<p>Un&#8217;indimenticabile tour in barcaper goderti il tramonto o chiederle la mano&#8230;Un fantastico tour in barca per ammirare gli spettacolari tramonti della costiera! Uno spettacolo unico al mondo: la luce del tramonto si riflette sul mare e dove si perde l&#8217;occhio, il mare e il cielo si fondono creando un unico sfondo. Un tour per i [&hellip;]<\/p>\n","protected":false},"author":1,"featured_media":0,"parent":0,"menu_order":0,"comment_status":"closed","ping_status":"closed","template":"","meta":{"_et_pb_use_builder":"on","_et_pb_old_content":"","_et_gb_content_width":"","footnotes":""},"class_list":["post-655","page","type-page","status-publish","hentry"],"_links":{"self":[{"href":"https:\/\/www.bassamareaboatcharter.com\/it\/wp-json\/wp\/v2\/pages\/655","targetHints":{"allow":["GET"]}}],"collection":[{"href":"https:\/\/www.bassamareaboatcharter.com\/it\/wp-json\/wp\/v2\/pages"}],"about":[{"href":"https:\/\/www.bassamareaboatcharter.com\/it\/wp-json\/wp\/v2\/types\/page"}],"author":[{"embeddable":true,"href":"https:\/\/www.bassamareaboatcharter.com\/it\/wp-json\/wp\/v2\/users\/1"}],"replies":[{"embeddable":true,"href":"https:\/\/www.bassamareaboatcharter.com\/it\/wp-json\/wp\/v2\/comments?post=655"}],"version-history":[{"count":15,"href":"https:\/\/www.bassamareaboatcharter.com\/it\/wp-json\/wp\/v2\/pages\/655\/revisions"}],"predecessor-version":[{"id":1551,"href":"https:\/\/www.bassamareaboatcharter.com\/it\/wp-json\/wp\/v2\/pages\/655\/revisions\/1551"}],"wp:attachment":[{"href":"https:\/\/www.bassamareaboatcharter.com\/it\/wp-json\/wp\/v2\/media?parent=655"}],"curies":[{"name":"wp","href":"https:\/\/api.w.org\/{rel}","templated":true}]}}