{"id":571,"date":"2021-02-18T11:47:48","date_gmt":"2021-02-18T10:47:48","guid":{"rendered":"http:\/\/www.bassamareaboatcharter.com\/bassa-marea-boat-charter-home\/"},"modified":"2022-05-02T12:26:58","modified_gmt":"2022-05-02T10:26:58","slug":"bassa-marea-boat-charter-home","status":"publish","type":"page","link":"https:\/\/www.bassamareaboatcharter.com\/it\/","title":{"rendered":"Bassa Marea Boat Charter"},"content":{"rendered":"<p>[et_pb_section fb_built=&#8221;1&#8243; _builder_version=&#8221;4.16&#8243; _module_preset=&#8221;default&#8221; background_image=&#8221;https:\/\/www.bassamareaboatcharter.com\/wp-content\/uploads\/2021\/02\/best-private-boat-tours.jpg&#8221; background_enable_video_mp4=&#8221;off&#8221; background_enable_video_webm=&#8221;off&#8221; min_height=&#8221;520px&#8221; min_height_tablet=&#8221;470px&#8221; min_height_phone=&#8221;450px&#8221; min_height_last_edited=&#8221;on|phone&#8221; height=&#8221;520px&#8221; max_height=&#8221;520px&#8221; custom_padding=&#8221;||0%||false|false&#8221; background_last_edited=&#8221;on|phone&#8221; background_image_tablet=&#8221;https:\/\/www.bassamareaboatcharter.com\/wp-content\/uploads\/2021\/02\/best-private-boat-tours-1024&#215;478.jpg&#8221; background_image_phone=&#8221;https:\/\/www.bassamareaboatcharter.com\/wp-content\/uploads\/furore-bridge-1024&#215;682.jpeg&#8221; background_enable_image_tablet=&#8221;on&#8221; background_enable_image_phone=&#8221;on&#8221; background_size_phone=&#8221;cover&#8221; global_colors_info=&#8221;{}&#8221; alt_tablet=&#8221;marina cantone private boat tours&#8221; alt_phone=&#8221;marina cantone private boat tours&#8221;][et_pb_row _builder_version=&#8221;4.16&#8243; _module_preset=&#8221;default&#8221; custom_margin=&#8221;16%||||false|false&#8221; custom_margin_tablet=&#8221;36%||||false|false&#8221; custom_margin_phone=&#8221;50%||||false|false&#8221; custom_margin_last_edited=&#8221;on|phone&#8221; global_colors_info=&#8221;{}&#8221;][et_pb_column type=&#8221;4_4&#8243; _builder_version=&#8221;4.16&#8243; _module_preset=&#8221;default&#8221; global_colors_info=&#8221;{}&#8221;][et_pb_text _builder_version=&#8221;4.16&#8243; _module_preset=&#8221;default&#8221; text_text_color=&#8221;#ffffff&#8221; header_text_color=&#8221;#ffffff&#8221; header_line_height=&#8221;1.2em&#8221; header_2_text_color=&#8221;#ffffff&#8221; background_color=&#8221;rgba(25,57,78,0.7)&#8221; custom_padding=&#8221;3%||3%||true|false&#8221; global_colors_info=&#8221;{}&#8221;]<\/p>\n<h1 itemprop=\"headline\" style=\"text-align: center;\">Noleggio barche Marina del Cantone<br \/> <span style=\"font-size: 26px;\" class=\"sub-headline\">la miglior soluzione per tutti\u2026 coppie, famiglie e gruppi!<\/span><\/h1>\n<p>[\/et_pb_text][\/et_pb_column][\/et_pb_row][\/et_pb_section][et_pb_section fb_built=&#8221;1&#8243; _builder_version=&#8221;4.16&#8243; _module_preset=&#8221;default&#8221; background_color=&#8221;#efefef&#8221; global_colors_info=&#8221;{}&#8221;][et_pb_row _builder_version=&#8221;4.16&#8243; _module_preset=&#8221;default&#8221; global_colors_info=&#8221;{}&#8221;][et_pb_column type=&#8221;4_4&#8243; _builder_version=&#8221;4.16&#8243; _module_preset=&#8221;default&#8221; global_colors_info=&#8221;{}&#8221;][et_pb_text _builder_version=&#8221;4.16&#8243; _module_preset=&#8221;default&#8221; header_2_line_height=&#8221;1.4em&#8221; header_3_line_height=&#8221;1.4em&#8221; header_3_line_height_tablet=&#8221;&#8221; header_3_line_height_phone=&#8221;&#8221; header_3_line_height_last_edited=&#8221;on|tablet&#8221; global_colors_info=&#8221;{}&#8221;]<\/p>\n<h2 style=\"text-align: left;\"><img loading=\"lazy\" decoding=\"async\" src=\"http:\/\/www.bassamareaboatcharter.com\/wp-content\/uploads\/2020\/12\/ic-recensioni.png\" width=\"32\" height=\"24\" alt=\"\" class=\"wp-image-151 alignnone size-full\" \/>\u00a0Un\u2019esperienza indimenticabile se la vivi con <strong>Nautica Bassa Marea<\/strong>!<\/h2>\n<p>Siamo una piccola realt\u00e0 formata da persone del posto che conoscono, e amano far conoscere, storie e leggende della bellissima costiera.<\/p>\n<p>Grazie alla decennale esperienza sappiamo cosa offrire agli ospiti, e facciamo di tutto per rendere i tour un\u2019esperienza da sogno.<\/p>\n<p>Offriamo bellissime e caratteristiche imbarcazioni, e garantiamo la barca perfetta per ogni esigenza.<\/p>\n<p>Con noi, puoi ammirare la bellezza della costa in tutta la sua particolarit\u00e0, tuffarti in qualsiasi caletta tu desideri, fare snorkeling in punti particolarmente pescosi ed entusiasmarti alla vista di un fondale ricco e variegato, godere della brezza marina e del fantastico suono delle onde, rilassarti al sole, brindare alla splendida giornata che stai vivendo e desiderare di essere coccolato per sempre come in questa giornata.<\/p>\n<p>&nbsp;<\/p>\n<h3>Cosa aspetti? Tuffati in un&#8217;entusiasmante avventura!<\/h3>\n<p>[\/et_pb_text][\/et_pb_column][\/et_pb_row][et_pb_row column_structure=&#8221;1_3,1_3,1_3&#8243; use_custom_gutter=&#8221;on&#8221; make_equal=&#8221;on&#8221; module_class=&#8221;three-columns&#8221; _builder_version=&#8221;4.16&#8243; _module_preset=&#8221;default&#8221; global_colors_info=&#8221;{}&#8221;][et_pb_column type=&#8221;1_3&#8243; _builder_version=&#8221;4.16&#8243; _module_preset=&#8221;default&#8221; background_color=&#8221;#ffffff&#8221; animation_style=&#8221;flip&#8221; animation_direction=&#8221;left&#8221; global_colors_info=&#8221;{}&#8221;][et_pb_image src=&#8221;https:\/\/www.bassamareaboatcharter.com\/wp-content\/uploads\/2021\/02\/private-boat-tours.png&#8221; alt=&#8221;Faraglioni e Capri durante il tour in barca&#8221; title_text=&#8221;Tour privati in barca&#8221; align=&#8221;center&#8221; src_last_edited=&#8221;off|desktop&#8221; _builder_version=&#8221;4.16&#8243; _module_preset=&#8221;default&#8221; background_color=&#8221;#efefef&#8221; global_colors_info=&#8221;{}&#8221;][\/et_pb_image][et_pb_cta _builder_version=&#8221;4.16&#8243; _module_preset=&#8221;default&#8221; use_background_color=&#8221;off&#8221; button_alignment=&#8221;center&#8221; text_orientation=&#8221;left&#8221; background_layout=&#8221;light&#8221; custom_padding=&#8221;2%|2%|2%|2%|true|true&#8221; global_colors_info=&#8221;{}&#8221;]<\/p>\n<h2><img loading=\"lazy\" decoding=\"async\" src=\"http:\/\/www.bassamareaboatcharter.com\/wp-content\/uploads\/2020\/12\/ic-boat.png\" width=\"49\" height=\"17\" alt=\"\" class=\"wp-image-139 alignnone size-full\" \/>\u00a0 Tour Privati<\/h2>\n<p>Trascorri qualche ora o un\u2019intera giornata in totale relax. Ti aspettano scenari mozzafiato e tuffi tra calette e insenature naturali. Potrai rimanere in barca a prendere il sole o visitare famosi luoghi come Capri, Positano, Amalfi e tanti altri.<\/p>\n<p>[\/et_pb_cta][et_pb_button button_url=&#8221;\/it\/tour-barca-privata\/&#8221; button_text=&#8221;Scopri i tour privati&#8221; _builder_version=&#8221;4.16&#8243; _module_preset=&#8221;default&#8221; custom_margin=&#8221;||-2%|-2%|false|false&#8221; custom_padding=&#8221;||||false|false&#8221; global_colors_info=&#8221;{}&#8221;][\/et_pb_button][\/et_pb_column][et_pb_column type=&#8221;1_3&#8243; _builder_version=&#8221;4.16&#8243; _module_preset=&#8221;default&#8221; background_color=&#8221;#ffffff&#8221; animation_style=&#8221;flip&#8221; animation_direction=&#8221;left&#8221; global_colors_info=&#8221;{}&#8221;][et_pb_image src=&#8221;https:\/\/www.bassamareaboatcharter.com\/wp-content\/uploads\/2021\/02\/private-water-taxi-between-naples-salerno.png&#8221; alt=&#8221;gozzo sorrentino, tipica imbarcazione&#8221; title_text=&#8221;Barca privata per Napoli, Capri, Sorrento e la Costiera&#8221; align=&#8221;center&#8221; _builder_version=&#8221;4.16&#8243; _module_preset=&#8221;default&#8221; background_color=&#8221;#efefef&#8221; global_colors_info=&#8221;{}&#8221;][\/et_pb_image][et_pb_cta _builder_version=&#8221;4.16&#8243; _module_preset=&#8221;default&#8221; use_background_color=&#8221;off&#8221; button_alignment=&#8221;center&#8221; text_orientation=&#8221;left&#8221; background_layout=&#8221;light&#8221; custom_padding=&#8221;2%|2%|2%|2%|false|true&#8221; global_colors_info=&#8221;{}&#8221;]<\/p>\n<h2><img loading=\"lazy\" decoding=\"async\" src=\"http:\/\/www.bassamareaboatcharter.com\/wp-content\/uploads\/2020\/12\/ic-boat.png\" width=\"49\" height=\"17\" alt=\"\" class=\"wp-image-139 alignnone size-full\" \/>\u00a0 Transfer Privati<\/h2>\n<p>Lunghe attese ai porti e lenti spostamenti in auto ti annoiano? Hai ragione, ci sono troppe attrazioni ed esperienze che non puoi farti sfuggire. Per questo ti offriamo trasferimenti veloci via mare per tutte le localit\u00e0 del Golfo di Napoli e di Salerno!<\/p>\n<p>[\/et_pb_cta][et_pb_button button_url=&#8221;\/it\/transfer-barca-privata\/&#8221; button_text=&#8221;Richiedi un transfer&#8221; _builder_version=&#8221;4.16&#8243; _module_preset=&#8221;default&#8221; custom_margin=&#8221;||-2%|-2%|false|false&#8221; custom_padding=&#8221;||||false|false&#8221; global_colors_info=&#8221;{}&#8221;][\/et_pb_button][\/et_pb_column][et_pb_column type=&#8221;1_3&#8243; _builder_version=&#8221;4.16&#8243; _module_preset=&#8221;default&#8221; background_color=&#8221;#ffffff&#8221; animation_style=&#8221;flip&#8221; animation_direction=&#8221;left&#8221; global_colors_info=&#8221;{}&#8221;][et_pb_image src=&#8221;https:\/\/www.bassamareaboatcharter.com\/wp-content\/uploads\/2021\/02\/boat-rentals-nerano-marina-del-cantone.png&#8221; alt=&#8221;famiglia felice durante un tour in barca&#8221; title_text=&#8221;Noleggio barche da Marina del Cantone&#8221; align=&#8221;center&#8221; _builder_version=&#8221;4.16&#8243; _module_preset=&#8221;default&#8221; background_color=&#8221;#efefef&#8221; global_colors_info=&#8221;{}&#8221;][\/et_pb_image][et_pb_cta _builder_version=&#8221;4.16&#8243; _module_preset=&#8221;default&#8221; header_line_height=&#8221;1.2em&#8221; use_background_color=&#8221;off&#8221; button_alignment=&#8221;center&#8221; text_orientation=&#8221;left&#8221; background_layout=&#8221;light&#8221; custom_padding=&#8221;0%|2%|2%|2%|false|true&#8221; global_colors_info=&#8221;{}&#8221;]<\/p>\n<h2><img loading=\"lazy\" decoding=\"async\" src=\"http:\/\/www.bassamareaboatcharter.com\/wp-content\/uploads\/2020\/12\/ic-boat3.png\" width=\"40\" height=\"27\" alt=\"\" class=\"wp-image-143 alignnone size-full\" \/>\u00a0 Noleggio<br \/> <span style=\"font-size: 16px;\">(senza marinaio)<\/span><\/h2>\n<p>\u201cCapitani per un giorno!\u201d. Noleggia una barca o un gommone e trascina il tuo equipaggio in una meravigliosa avventura. Sbalorditivi scenari faranno da cornice ad una giornata ricca di divertimento e serenit\u00e0.<\/p>\n<p>[\/et_pb_cta][et_pb_button button_url=&#8221;\/it\/noleggio-gommoni-barche\/&#8221; button_text=&#8221;Noleggia una barca&#8221; _builder_version=&#8221;4.16&#8243; _module_preset=&#8221;default&#8221; custom_margin=&#8221;||-2%|-2%|false|false&#8221; custom_padding=&#8221;||||false|false&#8221; global_colors_info=&#8221;{}&#8221;][\/et_pb_button][\/et_pb_column][\/et_pb_row][\/et_pb_section][et_pb_section fb_built=&#8221;1&#8243; _builder_version=&#8221;4.16&#8243; _module_preset=&#8221;default&#8221; background_enable_color=&#8221;off&#8221; background_image=&#8221;https:\/\/www.bassamareaboatcharter.com\/wp-content\/uploads\/2020\/12\/bkg-sceglierci-pieno.jpg&#8221; global_colors_info=&#8221;{}&#8221;][et_pb_row _builder_version=&#8221;4.16&#8243; _module_preset=&#8221;default&#8221; global_colors_info=&#8221;{}&#8221;][et_pb_column type=&#8221;4_4&#8243; _builder_version=&#8221;4.16&#8243; _module_preset=&#8221;default&#8221; global_colors_info=&#8221;{}&#8221;][et_pb_text _builder_version=&#8221;4.16&#8243; _module_preset=&#8221;default&#8221; global_colors_info=&#8221;{}&#8221;]<\/p>\n<p>L\u2019 escursione in barca \u00e8 una tappa immancabile della tua vacanza nella splendida Penisola Sorrentina e in Costiera Amalfitana.<\/p>\n<p>Meta di turisti di tutto il mondo, la nostra bellissima costiera offre scorci di mare cristallino, calette e insenature dove rinfrescarsi nelle acque refrigeranti, spiagge nascoste di ghiaia o anche di splendida sabbia ma soprattutto offre scorci impareggiabili sui tanti isolotti che si ergono non lontano dalla costa e sulle bellissime isole dell\u2019Arcipelago campano: la rinomatissima Isola di Capri, meta preferita di vip e di tantissimi turisti da ogni parte del mondo che ogni anno l\u2019affollano, Ischia e Procida.<\/p>\n<p>Nautica Bassa Marea ti offre l\u2019escursione dei tuoi sogni, un tour privato in barca libero dallo stress e in totale relax. Infatti, <strong>tutti i nostri tour sono costruiti su misura, rispettando i tempi dei clienti e i loro desideri.<\/strong><\/p>\n<p>Il nostro equipaggio, attento ad ogni tua esigenza, ti far\u00e0 vivere una giornata indimenticabile, che rimarr\u00e0 nei tuoi ricordi come una perla indelebile della tua fantastica vacanza!<\/p>\n<p>[\/et_pb_text][et_pb_button button_url=&#8221;\/it\/contatti\/&#8221; button_text=&#8221;Richiedi maggiori informazioni&#8221; button_alignment=&#8221;center&#8221; _builder_version=&#8221;4.16&#8243; _module_preset=&#8221;default&#8221; custom_margin=&#8221;4%||4%||true|false&#8221; custom_margin_tablet=&#8221;||8%||false|false&#8221; custom_margin_phone=&#8221;10%||16%||false|false&#8221; custom_margin_last_edited=&#8221;on|phone&#8221; custom_padding=&#8221;||||false|false&#8221; animation_style=&#8221;bounce&#8221; global_colors_info=&#8221;{}&#8221;][\/et_pb_button][et_pb_gallery gallery_ids=&#8221;913,971,963,967,909,1386,1384,790&#8243; posts_number=&#8221;8&#8243; show_title_and_caption=&#8221;off&#8221; show_pagination=&#8221;off&#8221; hover_icon=&#8221;&#xe028;||divi||400&#8243; _builder_version=&#8221;4.17.1&#8243; _module_preset=&#8221;default&#8221; hover_enabled=&#8221;0&#8243; global_colors_info=&#8221;{}&#8221; sticky_enabled=&#8221;0&#8243;][\/et_pb_gallery][\/et_pb_column][\/et_pb_row][\/et_pb_section][et_pb_section fb_built=&#8221;1&#8243; _builder_version=&#8221;4.16&#8243; _module_preset=&#8221;default&#8221; background_color=&#8221;rgba(0,0,0,0)&#8221; global_colors_info=&#8221;{}&#8221;][et_pb_row _builder_version=&#8221;4.16&#8243; _module_preset=&#8221;default&#8221; global_colors_info=&#8221;{}&#8221;][et_pb_column type=&#8221;4_4&#8243; _builder_version=&#8221;4.16&#8243; _module_preset=&#8221;default&#8221; global_colors_info=&#8221;{}&#8221;][et_pb_text _builder_version=&#8221;4.16&#8243; _module_preset=&#8221;default&#8221; text_orientation=&#8221;center&#8221; global_colors_info=&#8221;{}&#8221;]<\/p>\n<h2>Tour in barca pi\u00f9 richiesti<\/h2>\n<p>[\/et_pb_text][\/et_pb_column][\/et_pb_row][et_pb_row column_structure=&#8221;1_2,1_2&#8243; use_custom_gutter=&#8221;on&#8221; make_equal=&#8221;on&#8221; module_class=&#8221;two-columns&#8221; _builder_version=&#8221;4.16&#8243; _module_preset=&#8221;default&#8221; global_colors_info=&#8221;{}&#8221;][et_pb_column type=&#8221;1_2&#8243; _builder_version=&#8221;4.16&#8243; _module_preset=&#8221;default&#8221; background_color=&#8221;#ffffff&#8221; animation_style=&#8221;slide&#8221; animation_direction=&#8221;top&#8221; animation_speed_curve=&#8221;ease-out&#8221; global_colors_info=&#8221;{}&#8221;][et_pb_image src=&#8221;https:\/\/www.bassamareaboatcharter.com\/wp-content\/uploads\/2021\/02\/positano-amalfi-coast-private-boat-tour.jpg&#8221; alt=&#8221;Positano, on the Amalfi Coast, from the sea&#8221; title_text=&#8221;During our Positano boat tour&#8221; src_tablet=&#8221;https:\/\/www.bassamareaboatcharter.com\/wp-content\/uploads\/2021\/02\/positano-amalfi-coast-private-boat-tour.jpg&#8221; src_phone=&#8221;http:\/\/www.bassamareaboatcharter.com\/wp-content\/uploads\/2021\/02\/positano-amalfi-coast-private-boat-tour-360&#215;170.jpg&#8221; src_last_edited=&#8221;on|phone&#8221; _builder_version=&#8221;4.16&#8243; _module_preset=&#8221;default&#8221; global_colors_info=&#8221;{}&#8221;][\/et_pb_image][et_pb_cta _builder_version=&#8221;4.16&#8243; _module_preset=&#8221;default&#8221; use_background_color=&#8221;off&#8221; text_orientation=&#8221;left&#8221; background_layout=&#8221;light&#8221; custom_padding=&#8221;2%|2%|2%|2%|true|true&#8221; global_colors_info=&#8221;{}&#8221;]<\/p>\n<h2><img loading=\"lazy\" decoding=\"async\" src=\"http:\/\/www.bassamareaboatcharter.com\/wp-content\/uploads\/2020\/12\/ic-boat.png\" width=\"49\" height=\"17\" alt=\"\" class=\"wp-image-139 alignnone size-full\" \/>\u00a0 Una giornata in Costiera<\/h2>\n<p>Passando per posti fantastici come Li Galli, Crapolla, la famosissima Grotta dello smeraldo, e dopo diverse soste per bagnarsi o scattare qualche foto, si raggiunge la storica citt\u00e0 marinara, Amalfi. Qui, avrete a disposizione qualche ora di svago per deliziare il palato con la buona cucina del posto e visitare il borgo gustandovi un ottimo gelato.<\/p>\n<p>[\/et_pb_cta][et_pb_button button_url=&#8221;\/it\/tour-barca-privata-costiera-amalfitana\/&#8221; button_text=&#8221;Esplora&#8221; _builder_version=&#8221;4.16&#8243; _module_preset=&#8221;default&#8221; custom_margin=&#8221;||-2%|-2%|false|false&#8221; custom_padding=&#8221;||||false|false&#8221; global_colors_info=&#8221;{}&#8221;][\/et_pb_button][\/et_pb_column][et_pb_column type=&#8221;1_2&#8243; _builder_version=&#8221;4.16&#8243; _module_preset=&#8221;default&#8221; background_color=&#8221;#ffffff&#8221; animation_style=&#8221;slide&#8221; animation_direction=&#8221;top&#8221; animation_delay=&#8221;100ms&#8221; global_colors_info=&#8221;{}&#8221;][et_pb_image alt=&#8221;blue grotto capri, boat experience&#8221; title_text=&#8221;Capri blue grotto tour&#8221; _builder_version=&#8221;4.16&#8243; _module_preset=&#8221;default&#8221; background_image=&#8221;https:\/\/www.bassamareaboatcharter.com\/wp-content\/uploads\/2021\/02\/capri-blue-grotto-private-boat-tour.jpg&#8221; custom_padding=&#8221;22%||22%||true|false&#8221; custom_padding_tablet=&#8221;&#8221; custom_padding_phone=&#8221;&#8221; custom_padding_last_edited=&#8221;on|phone&#8221; global_colors_info=&#8221;{}&#8221;][\/et_pb_image][et_pb_cta _builder_version=&#8221;4.16&#8243; _module_preset=&#8221;default&#8221; use_background_color=&#8221;off&#8221; text_orientation=&#8221;left&#8221; background_layout=&#8221;light&#8221; custom_padding=&#8221;2%|2%|2%|2%|true|true&#8221; global_colors_info=&#8221;{}&#8221;]<\/p>\n<h2><img loading=\"lazy\" decoding=\"async\" src=\"http:\/\/www.bassamareaboatcharter.com\/wp-content\/uploads\/2020\/12\/ic-boat.png\" width=\"49\" height=\"17\" alt=\"\" class=\"wp-image-139 alignnone size-full\" \/>\u00a0 Tour dell&#8217;isola di Capri<\/h2>\n<p>Un fantastico tour in barca a Capri alla scoperta di questa magica isola; visiterete baie e grotte naturali mozzafiato come la famosissima Grotta Azzurra, vi tufferete a largo degli imponenti Faraglioni e sarete liberi di scegliere se rilassarvi in barca oppure fare sosta sull\u2019isola per ammirarne le principali attrazioni e gustare le delizie del luogo.<\/p>\n<p>[\/et_pb_cta][et_pb_button button_url=&#8221;\/it\/tour-barca-privata-capri\/&#8221; button_text=&#8221;Esplora&#8221; _builder_version=&#8221;4.16&#8243; _module_preset=&#8221;default&#8221; custom_margin=&#8221;||-2%|-2%|false|false&#8221; custom_padding=&#8221;||||false|false&#8221; global_colors_info=&#8221;{}&#8221;][\/et_pb_button][\/et_pb_column][\/et_pb_row][\/et_pb_section][et_pb_section fb_built=&#8221;1&#8243; _builder_version=&#8221;4.16&#8243; _module_preset=&#8221;default&#8221; background_color=&#8221;rgba(0,0,0,0)&#8221; global_colors_info=&#8221;{}&#8221;][et_pb_row column_structure=&#8221;1_2,1_2&#8243; _builder_version=&#8221;4.16&#8243; _module_preset=&#8221;default&#8221; width=&#8221;100%&#8221; custom_margin=&#8221;||||false|false&#8221; global_colors_info=&#8221;{}&#8221;][et_pb_column type=&#8221;1_2&#8243; _builder_version=&#8221;4.16&#8243; _module_preset=&#8221;default&#8221; global_colors_info=&#8221;{}&#8221;][et_pb_image src=&#8221;https:\/\/www.bassamareaboatcharter.com\/wp-content\/uploads\/2021\/01\/marina-del-cantone-boat-tour.jpg&#8221; alt=&#8221;Marina del Cantone, Amalfi Coast boat tour&#8221; title_text=&#8221;Tre Pizzi, Marina del Cantone beach&#8221; align=&#8221;center&#8221; _builder_version=&#8221;4.16&#8243; _module_preset=&#8221;default&#8221; box_shadow_style=&#8221;preset1&#8243; global_colors_info=&#8221;{}&#8221;][\/et_pb_image][\/et_pb_column][et_pb_column type=&#8221;1_2&#8243; _builder_version=&#8221;4.16&#8243; _module_preset=&#8221;default&#8221; global_colors_info=&#8221;{}&#8221;][et_pb_cta title=&#8221;Cosa aspetti?&#8221; button_url=&#8221;http:\/\/www.bassamareaboatcharter.com\/it\/contatti\/&#8221; button_text=&#8221;Contattaci&#8221; _builder_version=&#8221;4.16&#8243; _module_preset=&#8221;default&#8221; animation_style=&#8221;bounce&#8221; global_colors_info=&#8221;{}&#8221;]<\/p>\n<p>Prenota oggi la pi\u00f9 bella giornata della tua vacanza!<\/p>\n<p>[\/et_pb_cta][et_pb_blurb title=&#8221;Migliori tariffe, marinai esperti&#8221; use_icon=&#8221;on&#8221; font_icon=&#8221;&#xe07c;||divi||400&#8243; icon_color=&#8221;#e7873c&#8221; image_icon_background_color=&#8221;#19394e&#8221; image_icon_width=&#8221;20px&#8221; image_icon_width_last_edited=&#8221;on|desktop&#8221; content_max_width_tablet=&#8221;&#8221; content_max_width_phone=&#8221;&#8221; content_max_width_last_edited=&#8221;on|desktop&#8221; _builder_version=&#8221;4.16&#8243; _module_preset=&#8221;default&#8221; image_icon_custom_padding=&#8221;25px|25px|25px|25px|false|false&#8221; text_orientation=&#8221;center&#8221; module_alignment=&#8221;center&#8221; custom_padding=&#8221;2%||2%||true|false&#8221; border_radii_image=&#8221;on|100%|100%|100%|100%&#8221; icon_font_size=&#8221;20px&#8221; icon_font_size_tablet=&#8221;&#8221; icon_font_size_phone=&#8221;&#8221; icon_font_size_last_edited=&#8221;on|desktop&#8221; use_circle=&#8221;on&#8221; global_colors_info=&#8221;{}&#8221; image_icon_background_color__sticky_enabled=&#8221;#19394e&#8221; image_icon_background_color__sticky=&#8221;#19394e&#8221; image_icon_width_tablet=&#8221;20px&#8221; image_icon_width_phone=&#8221;20px&#8221;]<\/p>\n<p>Garantiamo il miglior prezzo.<\/p>\n<p>[\/et_pb_blurb][et_pb_blurb title=&#8221;Un servizio impeccabile&#8221; use_icon=&#8221;on&#8221; font_icon=&#8221;&#xe032;||divi||400&#8243; icon_color=&#8221;#e7873c&#8221; image_icon_background_color=&#8221;#19394e&#8221; image_icon_width=&#8221;20px&#8221; image_icon_width_last_edited=&#8221;on|desktop&#8221; content_max_width_tablet=&#8221;&#8221; content_max_width_phone=&#8221;&#8221; content_max_width_last_edited=&#8221;on|desktop&#8221; _builder_version=&#8221;4.16&#8243; _module_preset=&#8221;default&#8221; image_icon_custom_padding=&#8221;25px|25px|25px|25px|false|false&#8221; text_orientation=&#8221;center&#8221; module_alignment=&#8221;center&#8221; custom_padding=&#8221;2%||2%||true|false&#8221; border_radii_image=&#8221;on|100%|100%|100%|100%&#8221; icon_font_size=&#8221;20px&#8221; icon_font_size_tablet=&#8221;&#8221; icon_font_size_phone=&#8221;&#8221; icon_font_size_last_edited=&#8221;on|desktop&#8221; use_circle=&#8221;on&#8221; global_colors_info=&#8221;{}&#8221; image_icon_background_color__sticky_enabled=&#8221;#19394e&#8221; image_icon_background_color__sticky=&#8221;#19394e&#8221; image_icon_width_tablet=&#8221;20px&#8221; image_icon_width_phone=&#8221;20px&#8221;]<\/p>\n<p>Ci\u00f2 che ci ripaga maggiormente \u00e8 la felicit\u00e0 degli ospiti.<\/p>\n<p>[\/et_pb_blurb][et_pb_blurb title=&#8221;Abbiamo a cuore la tua esperienza&#8221; use_icon=&#8221;on&#8221; font_icon=&#8221;&#xe089;||divi||400&#8243; icon_color=&#8221;#e7873c&#8221; image_icon_background_color=&#8221;#19394e&#8221; image_icon_width=&#8221;20px&#8221; image_icon_width_last_edited=&#8221;on|desktop&#8221; content_max_width_tablet=&#8221;&#8221; content_max_width_phone=&#8221;&#8221; content_max_width_last_edited=&#8221;on|desktop&#8221; _builder_version=&#8221;4.16&#8243; _module_preset=&#8221;default&#8221; image_icon_custom_padding=&#8221;25px|25px|25px|25px|false|false&#8221; text_orientation=&#8221;center&#8221; module_alignment=&#8221;center&#8221; custom_padding=&#8221;2%||2%||true|false&#8221; border_radii_image=&#8221;on|100%|100%|100%|100%&#8221; icon_font_size=&#8221;20px&#8221; icon_font_size_tablet=&#8221;&#8221; icon_font_size_phone=&#8221;&#8221; icon_font_size_last_edited=&#8221;on|desktop&#8221; use_circle=&#8221;on&#8221; global_colors_info=&#8221;{}&#8221; image_icon_background_color__sticky_enabled=&#8221;#19394e&#8221; image_icon_background_color__sticky=&#8221;#19394e&#8221; image_icon_width_tablet=&#8221;20px&#8221; image_icon_width_phone=&#8221;20px&#8221;]<\/p>\n<p>Coltiviamo le amicizie con gli ospiti.<\/p>\n<p>[\/et_pb_blurb][\/et_pb_column][\/et_pb_row][\/et_pb_section]<\/p>\n","protected":false},"excerpt":{"rendered":"<p>Noleggio barche Marina del Cantone la miglior soluzione per tutti\u2026 coppie, famiglie e gruppi!\u00a0Un\u2019esperienza indimenticabile se la vivi con Nautica Bassa Marea! Siamo una piccola realt\u00e0 formata da persone del posto che conoscono, e amano far conoscere, storie e leggende della bellissima costiera. Grazie alla decennale esperienza sappiamo cosa offrire agli ospiti, e facciamo di [&hellip;]<\/p>\n","protected":false},"author":1,"featured_media":0,"parent":0,"menu_order":0,"comment_status":"closed","ping_status":"closed","template":"","meta":{"_et_pb_use_builder":"on","_et_pb_old_content":"","_et_gb_content_width":"","footnotes":""},"class_list":["post-571","page","type-page","status-publish","hentry"],"_links":{"self":[{"href":"https:\/\/www.bassamareaboatcharter.com\/it\/wp-json\/wp\/v2\/pages\/571","targetHints":{"allow":["GET"]}}],"collection":[{"href":"https:\/\/www.bassamareaboatcharter.com\/it\/wp-json\/wp\/v2\/pages"}],"about":[{"href":"https:\/\/www.bassamareaboatcharter.com\/it\/wp-json\/wp\/v2\/types\/page"}],"author":[{"embeddable":true,"href":"https:\/\/www.bassamareaboatcharter.com\/it\/wp-json\/wp\/v2\/users\/1"}],"replies":[{"embeddable":true,"href":"https:\/\/www.bassamareaboatcharter.com\/it\/wp-json\/wp\/v2\/comments?post=571"}],"version-history":[{"count":29,"href":"https:\/\/www.bassamareaboatcharter.com\/it\/wp-json\/wp\/v2\/pages\/571\/revisions"}],"predecessor-version":[{"id":1394,"href":"https:\/\/www.bassamareaboatcharter.com\/it\/wp-json\/wp\/v2\/pages\/571\/revisions\/1394"}],"wp:attachment":[{"href":"https:\/\/www.bassamareaboatcharter.com\/it\/wp-json\/wp\/v2\/media?parent=571"}],"curies":[{"name":"wp","href":"https:\/\/api.w.org\/{rel}","templated":true}]}}